{"id":378,"date":"2023-12-21T12:09:25","date_gmt":"2023-12-21T11:09:25","guid":{"rendered":"https:\/\/agri-methazebrouck.ceci-n-est-pas-un-site.fr\/?page_id=378"},"modified":"2024-01-06T23:22:09","modified_gmt":"2024-01-06T22:22:09","slug":"methanisation","status":"publish","type":"page","link":"https:\/\/agri-methazebrouck.com\/index.php\/methanisation\/","title":{"rendered":"M\u00e9thanisation"},"content":{"rendered":"\t\t<div data-elementor-type=\"wp-page\" data-elementor-id=\"378\" class=\"elementor elementor-378\" data-elementor-settings=\"{&quot;ha_cmc_init_switcher&quot;:&quot;no&quot;}\">\n\t\t\t\t\t\t<section class=\"elementor-section elementor-top-section elementor-element elementor-element-62f8ada elementor-section-boxed elementor-section-height-default elementor-section-height-default\" data-id=\"62f8ada\" data-element_type=\"section\" data-e-type=\"section\" data-settings=\"{&quot;background_background&quot;:&quot;classic&quot;,&quot;_ha_eqh_enable&quot;:false}\">\n\t\t\t\t\t\t\t<div class=\"elementor-background-overlay\"><\/div>\n\t\t\t\t\t\t\t<div class=\"elementor-container elementor-column-gap-default\">\n\t\t\t\t\t<div class=\"elementor-column elementor-col-100 elementor-top-column elementor-element elementor-element-397cab0\" data-id=\"397cab0\" data-element_type=\"column\" data-e-type=\"column\">\n\t\t\t<div class=\"elementor-widget-wrap elementor-element-populated\">\n\t\t\t\t\t\t<div class=\"elementor-element elementor-element-ba38adc elementor-widget elementor-widget-heading\" data-id=\"ba38adc\" data-element_type=\"widget\" data-e-type=\"widget\" data-widget_type=\"heading.default\">\n\t\t\t\t<div class=\"elementor-widget-container\">\n\t\t\t\t\t<h2 class=\"elementor-heading-title elementor-size-xxl\">Faire fonctionner un moteur de camion\n gr\u00e2ce \u00e0 du \"fumier\"<\/h2>\t\t\t\t<\/div>\n\t\t\t\t<\/div>\n\t\t\t\t<div class=\"elementor-element elementor-element-53e77fa elementor-widget elementor-widget-text-editor\" data-id=\"53e77fa\" data-element_type=\"widget\" data-e-type=\"widget\" data-widget_type=\"text-editor.default\">\n\t\t\t\t<div class=\"elementor-widget-container\">\n\t\t\t\t\t\t\t\t\t<p><span style=\"font-weight: 400;\">La SARL Agri-Methazebrouck exploite est une unit\u00e9 de m\u00e9thanisation en voie solide discontinue d&rsquo;une puissance de 160 kW. <\/span>C&rsquo;est un proc\u00e9d\u00e9 de m\u00e9thanisation peut courant bas\u00e9 sur le respect de la mati\u00e8re organique.<\/p><p><span style=\"font-weight: 400;\">Le centre de m\u00e9thanisation est compos\u00e9 de 4 cases appel\u00e9s garages.<br \/><\/span>Les murs sont en b\u00e9ton arm\u00e9, le toit est couvert d&rsquo;une double membrane souple permettant la collecte du biogaz et une porte sur charni\u00e8res permet le remplissage et la vidange du garage.<\/p><p>Afin d&rsquo;obtenir une rotation r\u00e9guli\u00e8re, tous les 10 jours un garage est renouvel\u00e9. Le temps de d\u00e9gradation de la mati\u00e8re est de 40 jours. Durant ces 40 jours le tas est chauff\u00e9 \u00e0 45\u00b0C et arros\u00e9 par s\u00e9quences r\u00e9guli\u00e8res afin de cr\u00e9er les conditions optimales pour le d\u00e9veloppement des bact\u00e9ries.<br \/><span style=\"font-weight: 400;\">A la fin du remplissage d&rsquo;un garage la porte se ferme et devient compl\u00e9tement \u00e9tanche. Petit \u00e0 petit l\u2019oxyg\u00e8ne (O2) disparait car consomm\u00e9 par les bact\u00e9ries, lesquelles en consommant la mati\u00e8re se mettent \u00e0 produire du biogaz.<\/span><\/p><p><span style=\"font-weight: 400;\">Ce biogaz est compos\u00e9 essentiellement de dioxyde de carbone (CO2), de souffre (H2S) et de m\u00e9thane (CH4). Lorsque le taux de m\u00e9thane approche les 50%, le gaz est envoy\u00e9 dans le moteur pour y \u00eatre brul\u00e9<br \/><\/span>Le moteur con\u00e7u pour fonctionner avec du biogaz aussi appel\u00e9 co-g\u00e9n\u00e9rateur.\u00a0<\/p><p><span style=\"font-weight: 400;\">Co-g\u00e9n\u00e9rateur car il produit 2 sources d\u2019\u00e9nergie:<\/span><\/p><p><span style=\"font-weight: 400;\">* de l&rsquo;\u00e9lectricit\u00e9 produit par une g\u00e9n\u00e9ratrice qui sera inject\u00e9 sur le r\u00e9seau Erdf. <br \/><\/span>* de la chaleur sous forme d&rsquo;eau chaude \u00e0 90 \u00b0C<\/p><p><span style=\"font-weight: 400;\">La particularit\u00e9 de la production r\u00e9side dans le fait que c\u2019est la chaufferie Dalkia toute proche qui refroidit le moteur via une canalisation. L\u2019eau une fois r\u00e9chauff\u00e9e repart vers le r\u00e9seau d&rsquo;eau chaude sanitaire et de chauffage de la ville d&rsquo;Hazebrouck.<br \/><\/span><span style=\"font-weight: 400;\">Le tonnage de mati\u00e8res (7000 tonnes par an) se compose \u00e0 60% d\u2019effluents d\u2019\u00e9levage (fumier bovins et \u00e9quins, lisier de porcs), 20% de d\u00e9chets verts (tontes, feuillages et branchages), les 20% restant proviennent de d\u00e9chets d\u2019industries agro-alimentaires.<\/span><\/p><p><span style=\"font-weight: 400;\">La mati\u00e8re r\u00e9siduelle, le \u201cdigestat , soit environ 5700 tonnes, se recycle en fertilisation des cultures sous forme de compost norm\u00e9 NFU 44051.<br \/><\/span><\/p><p><span style=\"font-weight: 400;\">Chacune des productions d\u2019Agri Methazebrouck met en \u0153uvre les principes majeurs d\u2019agro-\u00e9cologie :\u00a0<\/span><\/p><ul><li style=\"font-weight: 400;\" aria-level=\"1\"><span style=\"font-weight: 400;\">valoriser la mati\u00e8re en transformant les d\u00e9chets en \u00e9nergie renouvelable<\/span><\/li><li style=\"font-weight: 400;\" aria-level=\"1\"><span style=\"font-weight: 400;\">favoriser la proximit\u00e9 des sources de production et de consommation\u00a0<\/span><\/li><li style=\"font-weight: 400;\" aria-level=\"1\"><span style=\"font-weight: 400;\">souffrir d\u2019aucune d\u00e9perdition d\u2019\u00e9nergie<\/span><\/li><\/ul>\t\t\t\t\t\t\t\t<\/div>\n\t\t\t\t<\/div>\n\t\t\t\t<div class=\"elementor-element elementor-element-58abd16 elementor-align-center elementor-widget elementor-widget-button\" data-id=\"58abd16\" data-element_type=\"widget\" data-e-type=\"widget\" data-widget_type=\"button.default\">\n\t\t\t\t<div class=\"elementor-widget-container\">\n\t\t\t\t\t\t\t\t\t<div class=\"elementor-button-wrapper\">\n\t\t\t\t\t<a class=\"elementor-button elementor-button-link elementor-size-md elementor-animation-grow\" href=\"#contact\">\n\t\t\t\t\t\t<span class=\"elementor-button-content-wrapper\">\n\t\t\t\t\t\t\t\t\t<span class=\"elementor-button-text\">Contactez-nous<\/span>\n\t\t\t\t\t<\/span>\n\t\t\t\t\t<\/a>\n\t\t\t\t<\/div>\n\t\t\t\t\t\t\t\t<\/div>\n\t\t\t\t<\/div>\n\t\t\t\t<div class=\"elementor-element elementor-element-0ba2093 elementor-widget elementor-widget-image\" data-id=\"0ba2093\" data-element_type=\"widget\" data-e-type=\"widget\" data-settings=\"{&quot;ha_floating_fx&quot;:&quot;yes&quot;}\" data-widget_type=\"image.default\">\n\t\t\t\t<div class=\"elementor-widget-container\">\n\t\t\t\t\t\t\t\t\t\t\t\t\t\t\t<img fetchpriority=\"high\" decoding=\"async\" width=\"800\" height=\"447\" src=\"https:\/\/agri-methazebrouck.com\/wp-content\/uploads\/2024\/01\/les-garages-1024x572.png\" class=\"attachment-large size-large wp-image-727\" alt=\"\" srcset=\"https:\/\/agri-methazebrouck.com\/wp-content\/uploads\/2024\/01\/les-garages-1024x572.png 1024w, https:\/\/agri-methazebrouck.com\/wp-content\/uploads\/2024\/01\/les-garages-300x168.png 300w, https:\/\/agri-methazebrouck.com\/wp-content\/uploads\/2024\/01\/les-garages-768x429.png 768w, https:\/\/agri-methazebrouck.com\/wp-content\/uploads\/2024\/01\/les-garages.png 1181w\" sizes=\"(max-width: 800px) 100vw, 800px\" \/>\t\t\t\t\t\t\t\t\t\t\t\t\t\t\t<\/div>\n\t\t\t\t<\/div>\n\t\t\t\t\t<\/div>\n\t\t<\/div>\n\t\t\t\t\t<\/div>\n\t\t<\/section>\n\t\t\t\t<section class=\"elementor-section elementor-top-section elementor-element elementor-element-9cae5a7 elementor-section-boxed elementor-section-height-default elementor-section-height-default\" data-id=\"9cae5a7\" data-element_type=\"section\" data-e-type=\"section\" data-settings=\"{&quot;_ha_eqh_enable&quot;:false}\">\n\t\t\t\t\t\t<div class=\"elementor-container elementor-column-gap-default\">\n\t\t\t\t\t<div class=\"elementor-column elementor-col-100 elementor-top-column elementor-element elementor-element-ad610ff\" data-id=\"ad610ff\" data-element_type=\"column\" data-e-type=\"column\">\n\t\t\t<div class=\"elementor-widget-wrap elementor-element-populated\">\n\t\t\t\t\t\t<div class=\"elementor-element elementor-element-7c57e9a elementor-widget elementor-widget-heading\" data-id=\"7c57e9a\" data-element_type=\"widget\" data-e-type=\"widget\" data-widget_type=\"heading.default\">\n\t\t\t\t<div class=\"elementor-widget-container\">\n\t\t\t\t\t<h2 class=\"elementor-heading-title elementor-size-default\">La m\u00e9thanisation<\/h2>\t\t\t\t<\/div>\n\t\t\t\t<\/div>\n\t\t\t\t<section class=\"elementor-section elementor-inner-section elementor-element elementor-element-c1bd6da elementor-section-full_width elementor-section-height-default elementor-section-height-default\" data-id=\"c1bd6da\" data-element_type=\"section\" data-e-type=\"section\" data-settings=\"{&quot;_ha_eqh_enable&quot;:false}\">\n\t\t\t\t\t\t<div class=\"elementor-container elementor-column-gap-default\">\n\t\t\t\t\t<div class=\"elementor-column elementor-col-50 elementor-inner-column elementor-element elementor-element-e730ee7\" data-id=\"e730ee7\" data-element_type=\"column\" data-e-type=\"column\">\n\t\t\t<div class=\"elementor-widget-wrap elementor-element-populated\">\n\t\t\t\t\t\t<div class=\"elementor-element elementor-element-e49ab9d elementor-widget elementor-widget-video\" data-id=\"e49ab9d\" data-element_type=\"widget\" data-e-type=\"widget\" data-settings=\"{&quot;youtube_url&quot;:&quot;https:\\\/\\\/www.youtube.com\\\/watch?v=w9GziOMG4H8&quot;,&quot;video_type&quot;:&quot;youtube&quot;,&quot;controls&quot;:&quot;yes&quot;}\" data-widget_type=\"video.default\">\n\t\t\t\t<div class=\"elementor-widget-container\">\n\t\t\t\t\t\t\t<div class=\"elementor-wrapper elementor-open-inline\">\n\t\t\t<div class=\"elementor-video\"><\/div>\t\t<\/div>\n\t\t\t\t\t\t<\/div>\n\t\t\t\t<\/div>\n\t\t\t\t\t<\/div>\n\t\t<\/div>\n\t\t\t\t<div class=\"elementor-column elementor-col-50 elementor-inner-column elementor-element elementor-element-0a1aa92\" data-id=\"0a1aa92\" data-element_type=\"column\" data-e-type=\"column\">\n\t\t\t<div class=\"elementor-widget-wrap elementor-element-populated\">\n\t\t\t\t\t\t<div class=\"elementor-element elementor-element-1577e97 elementor-widget elementor-widget-video\" data-id=\"1577e97\" data-element_type=\"widget\" data-e-type=\"widget\" data-settings=\"{&quot;youtube_url&quot;:&quot;https:\\\/\\\/www.youtube.com\\\/watch?v=vLrJMxcbeFc&quot;,&quot;video_type&quot;:&quot;youtube&quot;,&quot;controls&quot;:&quot;yes&quot;}\" data-widget_type=\"video.default\">\n\t\t\t\t<div class=\"elementor-widget-container\">\n\t\t\t\t\t\t\t<div class=\"elementor-wrapper elementor-open-inline\">\n\t\t\t<div class=\"elementor-video\"><\/div>\t\t<\/div>\n\t\t\t\t\t\t<\/div>\n\t\t\t\t<\/div>\n\t\t\t\t\t<\/div>\n\t\t<\/div>\n\t\t\t\t\t<\/div>\n\t\t<\/section>\n\t\t\t\t<section class=\"elementor-section elementor-inner-section elementor-element elementor-element-2b10f0f elementor-section-boxed elementor-section-height-default elementor-section-height-default\" data-id=\"2b10f0f\" data-element_type=\"section\" data-e-type=\"section\" data-settings=\"{&quot;_ha_eqh_enable&quot;:false}\">\n\t\t\t\t\t\t<div class=\"elementor-container elementor-column-gap-default\">\n\t\t\t\t\t<div class=\"elementor-column elementor-col-100 elementor-inner-column elementor-element elementor-element-c529aa0\" data-id=\"c529aa0\" data-element_type=\"column\" data-e-type=\"column\">\n\t\t\t<div class=\"elementor-widget-wrap elementor-element-populated\">\n\t\t\t\t\t\t<div class=\"elementor-element elementor-element-5ed1f44 elementor-widget elementor-widget-ha-slider happy-addon ha-slider\" data-id=\"5ed1f44\" data-element_type=\"widget\" data-e-type=\"widget\" data-settings=\"{&quot;animation_speed&quot;:500,&quot;autoplay_speed&quot;:5000,&quot;autoplay&quot;:&quot;yes&quot;,&quot;loop&quot;:&quot;yes&quot;,&quot;slides_transition&quot;:&quot;slide&quot;,&quot;navigation&quot;:&quot;arrow&quot;}\" data-widget_type=\"ha-slider.default\">\n\t\t\t\t<div class=\"elementor-widget-container\">\n\t\t\t\t\t\n\t\t<div class=\"hajs-slick ha-slick ha-slick--slider\">\n\n\t\t\t\n\t\t\t\t<div class=\"ha-slick-slide slick-slide\">\n\t\t\t\t\t<div class=\"ha-slick-item\">\n\t\t\t\t\t\t\t\t\t\t\t\t\t<img decoding=\"async\" class=\"ha-slick-img\" src=\"https:\/\/agri-methazebrouck.com\/wp-content\/uploads\/2024\/01\/tas-melange-dans-hangar-768x373.jpg\" alt=\"\">\n\t\t\t\t\t\t\n\t\t\t\t\t\t\t\t\t\t\t<\/div>\n\t\t\t\t<\/div>\n\n\t\t\t\n\t\t\t\t<div class=\"ha-slick-slide slick-slide\">\n\t\t\t\t\t<div class=\"ha-slick-item\">\n\t\t\t\t\t\t\t\t\t\t\t\t\t<img decoding=\"async\" class=\"ha-slick-img\" src=\"https:\/\/agri-methazebrouck.com\/wp-content\/uploads\/2023\/12\/moteur-768x427.png\" alt=\"\">\n\t\t\t\t\t\t\n\t\t\t\t\t\t\t\t\t\t\t<\/div>\n\t\t\t\t<\/div>\n\n\t\t\t\n\t\t\t\t<div class=\"ha-slick-slide slick-slide\">\n\t\t\t\t\t<div class=\"ha-slick-item\">\n\t\t\t\t\t\t\t\t\t\t\t\t\t<img decoding=\"async\" class=\"ha-slick-img\" src=\"https:\/\/agri-methazebrouck.com\/wp-content\/uploads\/2023\/12\/ecran-automate-768x431.png\" alt=\"\">\n\t\t\t\t\t\t\n\t\t\t\t\t\t\t\t\t\t\t<\/div>\n\t\t\t\t<\/div>\n\n\t\t\t\n\t\t\t\t<div class=\"ha-slick-slide slick-slide\">\n\t\t\t\t\t<div class=\"ha-slick-item\">\n\t\t\t\t\t\t\t\t\t\t\t\t\t<img decoding=\"async\" class=\"ha-slick-img\" src=\"https:\/\/agri-methazebrouck.com\/wp-content\/uploads\/2021\/07\/Agrimethazebrouck-768x543.jpg\" alt=\"\">\n\t\t\t\t\t\t\n\t\t\t\t\t\t\t\t\t\t\t<\/div>\n\t\t\t\t<\/div>\n\n\t\t\t\n\t\t<\/div>\n\n\t\t\t\t\t<button type=\"button\" class=\"slick-prev\"><i aria-hidden=\"true\" class=\"fas fa-chevron-left\"><\/i><\/button>\n\t\t\n\t\t\t\t\t<button type=\"button\" class=\"slick-next\"><i aria-hidden=\"true\" class=\"fas fa-chevron-right\"><\/i><\/button>\n\t\t\n\t\t\t\t\t\t<\/div>\n\t\t\t\t<\/div>\n\t\t\t\t\t<\/div>\n\t\t<\/div>\n\t\t\t\t\t<\/div>\n\t\t<\/section>\n\t\t\t\t\t<\/div>\n\t\t<\/div>\n\t\t\t\t\t<\/div>\n\t\t<\/section>\n\t\t\t\t<\/div>\n\t\t","protected":false},"excerpt":{"rendered":"<p>Faire fonctionner un moteur de camion gr\u00e2ce \u00e0 du \u00ab\u00a0fumier\u00a0\u00bb La SARL Agri-Methazebrouck exploite est une unit\u00e9 de m\u00e9thanisation en voie solide discontinue d&rsquo;une puissance de 160 kW. C&rsquo;est un proc\u00e9d\u00e9 de m\u00e9thanisation peut courant bas\u00e9 sur le respect de la mati\u00e8re organique. Le centre de m\u00e9thanisation est compos\u00e9 de 4 cases appel\u00e9s garages.Les murs [&hellip;]<\/p>\n","protected":false},"author":1,"featured_media":0,"parent":0,"menu_order":0,"comment_status":"closed","ping_status":"closed","template":"","meta":{"footnotes":""},"class_list":["post-378","page","type-page","status-publish","hentry"],"_links":{"self":[{"href":"https:\/\/agri-methazebrouck.com\/index.php\/wp-json\/wp\/v2\/pages\/378","targetHints":{"allow":["GET"]}}],"collection":[{"href":"https:\/\/agri-methazebrouck.com\/index.php\/wp-json\/wp\/v2\/pages"}],"about":[{"href":"https:\/\/agri-methazebrouck.com\/index.php\/wp-json\/wp\/v2\/types\/page"}],"author":[{"embeddable":true,"href":"https:\/\/agri-methazebrouck.com\/index.php\/wp-json\/wp\/v2\/users\/1"}],"replies":[{"embeddable":true,"href":"https:\/\/agri-methazebrouck.com\/index.php\/wp-json\/wp\/v2\/comments?post=378"}],"version-history":[{"count":5,"href":"https:\/\/agri-methazebrouck.com\/index.php\/wp-json\/wp\/v2\/pages\/378\/revisions"}],"predecessor-version":[{"id":730,"href":"https:\/\/agri-methazebrouck.com\/index.php\/wp-json\/wp\/v2\/pages\/378\/revisions\/730"}],"wp:attachment":[{"href":"https:\/\/agri-methazebrouck.com\/index.php\/wp-json\/wp\/v2\/media?parent=378"}],"curies":[{"name":"wp","href":"https:\/\/api.w.org\/{rel}","templated":true}]}}