{"id":392,"date":"2023-12-21T12:13:05","date_gmt":"2023-12-21T11:13:05","guid":{"rendered":"https:\/\/agri-methazebrouck.ceci-n-est-pas-un-site.fr\/?page_id=392"},"modified":"2024-01-09T16:20:44","modified_gmt":"2024-01-09T15:20:44","slug":"compostage","status":"publish","type":"page","link":"https:\/\/agri-methazebrouck.com\/index.php\/compostage\/","title":{"rendered":"Compostage"},"content":{"rendered":"\t\t<div data-elementor-type=\"wp-page\" data-elementor-id=\"392\" class=\"elementor elementor-392\" data-elementor-settings=\"{&quot;ha_cmc_init_switcher&quot;:&quot;no&quot;}\">\n\t\t\t\t\t\t<section class=\"elementor-section elementor-top-section elementor-element elementor-element-43dbbeb elementor-section-boxed elementor-section-height-default elementor-section-height-default\" data-id=\"43dbbeb\" data-element_type=\"section\" data-e-type=\"section\" data-settings=\"{&quot;background_background&quot;:&quot;classic&quot;,&quot;_ha_eqh_enable&quot;:false}\">\n\t\t\t\t\t\t\t<div class=\"elementor-background-overlay\"><\/div>\n\t\t\t\t\t\t\t<div class=\"elementor-container elementor-column-gap-default\">\n\t\t\t\t\t<div class=\"elementor-column elementor-col-100 elementor-top-column elementor-element elementor-element-69bbc13\" data-id=\"69bbc13\" data-element_type=\"column\" data-e-type=\"column\">\n\t\t\t<div class=\"elementor-widget-wrap elementor-element-populated\">\n\t\t\t\t\t\t<div class=\"elementor-element elementor-element-96b3937 elementor-widget elementor-widget-heading\" data-id=\"96b3937\" data-element_type=\"widget\" data-e-type=\"widget\" data-widget_type=\"heading.default\">\n\t\t\t\t<div class=\"elementor-widget-container\">\n\t\t\t\t\t<h2 class=\"elementor-heading-title elementor-size-xxl\">Un m\u00e9lange original pour un compost \u00ab\u00a0d\u00e9tonant\u00a0\u00bb<\/h2>\t\t\t\t<\/div>\n\t\t\t\t<\/div>\n\t\t\t\t<div class=\"elementor-element elementor-element-6e28292 elementor-widget elementor-widget-text-editor\" data-id=\"6e28292\" data-element_type=\"widget\" data-e-type=\"widget\" data-widget_type=\"text-editor.default\">\n\t\t\t\t<div class=\"elementor-widget-container\">\n\t\t\t\t\t\t\t\t\t<p>Notre compost est le r\u00e9sultat d\u2019un m\u00e9lange de d\u00e9chets verts et d\u2019un digestat (m\u00e9lange de fumier de bovins et de cheval avec des r\u00e9sidus de culture) issus de la m\u00e9thanisation.<\/p><p>Ce m\u00e9lange est \u00e9labor\u00e9 m\u00e9caniquement par une chargeuse qui r\u00e9alise un andain de 3m de haut sur 5m de large. Ce m\u00e9lange n\u00e9cessite 5 retournements \u00e0 7 jours d\u2019intervalle afin\u00a0d\u2019obtenir\u00a0:<br \/>* un produit de qualit\u00e9<br \/>* une mont\u00e9e en temp\u00e9rature homog\u00e8ne (+70\u00b0c) et pendant 35 jours<br \/>* la norme NFU 44051 (amendement organique).<\/p><p>Lorsque ce process de fermentation est termin\u00e9, il reste une derni\u00e8re \u00e9tape : Le criblage Il a pour but de s\u00e9parer les diff\u00e9rentes fractions selon les granulom\u00e9tries recherch\u00e9. Il s\u2019obtient avec un crible \u00e0 trommel d\u2019un diam\u00e8tre de 30 mm. Le compost ainsi obtenu est stock\u00e9 \u00e0 l\u2019abri pour maturer dans l\u2019attente de sa commercialisation.<\/p><p>Notre compost norm\u00e9 servira\u00a0:<br \/>* A amender les sols,<br \/>* Am\u00e9liorer la structure des sols<br \/>* Stocker l\u2019humidit\u00e9 l\u2019hiver pour la restituer l\u2019\u00e9t\u00e9 en reconstituant sa r\u00e9serve d\u2019humus,<br \/>* Stimuler l\u2019activit\u00e9 biologique<\/p><p>Et sera utilis\u00e9\u00a0:<br \/>* Dans le monde agricole<br \/>* Chez les paysagistes<br \/>* Dans les collectivit\u00e9s pour les espaces verts.<\/p><p>Le compost est vendu en vrac tout au long de l\u2019ann\u00e9e, avec un prix d\u00e9part du site et la possibilit\u00e9 de chiffrer le transport en sus.<\/p>\t\t\t\t\t\t\t\t<\/div>\n\t\t\t\t<\/div>\n\t\t\t\t<div class=\"elementor-element elementor-element-608d856 elementor-widget elementor-widget-image\" data-id=\"608d856\" data-element_type=\"widget\" data-e-type=\"widget\" data-widget_type=\"image.default\">\n\t\t\t\t<div class=\"elementor-widget-container\">\n\t\t\t\t\t\t\t\t\t\t\t\t\t\t\t<img fetchpriority=\"high\" decoding=\"async\" width=\"797\" height=\"688\" src=\"https:\/\/agri-methazebrouck.com\/wp-content\/uploads\/2023\/12\/bulle-valeur-1.jpg\" class=\"attachment-large size-large wp-image-514\" alt=\"\" srcset=\"https:\/\/agri-methazebrouck.com\/wp-content\/uploads\/2023\/12\/bulle-valeur-1.jpg 797w, https:\/\/agri-methazebrouck.com\/wp-content\/uploads\/2023\/12\/bulle-valeur-1-300x259.jpg 300w, https:\/\/agri-methazebrouck.com\/wp-content\/uploads\/2023\/12\/bulle-valeur-1-768x663.jpg 768w\" sizes=\"(max-width: 797px) 100vw, 797px\" \/>\t\t\t\t\t\t\t\t\t\t\t\t\t\t\t<\/div>\n\t\t\t\t<\/div>\n\t\t\t\t\t<\/div>\n\t\t<\/div>\n\t\t\t\t\t<\/div>\n\t\t<\/section>\n\t\t\t\t<section class=\"elementor-section elementor-top-section elementor-element elementor-element-17efcba elementor-section-full_width elementor-section-height-default elementor-section-height-default\" data-id=\"17efcba\" data-element_type=\"section\" data-e-type=\"section\" data-settings=\"{&quot;background_background&quot;:&quot;classic&quot;,&quot;_ha_eqh_enable&quot;:false}\">\n\t\t\t\t\t\t\t<div class=\"elementor-background-overlay\"><\/div>\n\t\t\t\t\t\t\t<div class=\"elementor-container elementor-column-gap-default\">\n\t\t\t\t\t<div class=\"elementor-column elementor-col-100 elementor-top-column elementor-element elementor-element-1e344c4\" data-id=\"1e344c4\" data-element_type=\"column\" data-e-type=\"column\">\n\t\t\t<div class=\"elementor-widget-wrap elementor-element-populated\">\n\t\t\t\t\t\t<div class=\"elementor-element elementor-element-bf0bc1c elementor-widget elementor-widget-ha-justified-gallery happy-addon ha-justified-gallery\" data-id=\"bf0bc1c\" data-element_type=\"widget\" data-e-type=\"widget\" data-settings=\"{&quot;row_height&quot;:{&quot;unit&quot;:&quot;px&quot;,&quot;size&quot;:156,&quot;sizes&quot;:[]},&quot;margins&quot;:{&quot;unit&quot;:&quot;px&quot;,&quot;size&quot;:10,&quot;sizes&quot;:[]},&quot;last_row&quot;:&quot;justify&quot;,&quot;enable_popup&quot;:&quot;yes&quot;}\" data-widget_type=\"ha-justified-gallery.default\">\n\t\t\t\t<div class=\"elementor-widget-container\">\n\t\t\t\t\t\n\t\t<div class=\"ha-justified-grid__wrap hajs-justified-grid\">\n\t\t\t\t\t\t\t<a href=\"#\" data-mfp-src=\"https:\/\/agri-methazebrouck.com\/wp-content\/uploads\/2023\/12\/entree-camion-et-tracteurs-1024x574.png\" class=\"ha-justified-grid__item ha-js-lightbox __fltr-1\" title=\"\">\n\t\t\t\t\t<img decoding=\"async\" width=\"768\" height=\"430\" src=\"https:\/\/agri-methazebrouck.com\/wp-content\/uploads\/2023\/12\/entree-camion-et-tracteurs-768x430.png\" class=\"elementor-animation-grow\" alt=\"\" srcset=\"https:\/\/agri-methazebrouck.com\/wp-content\/uploads\/2023\/12\/entree-camion-et-tracteurs-768x430.png 768w, https:\/\/agri-methazebrouck.com\/wp-content\/uploads\/2023\/12\/entree-camion-et-tracteurs-300x168.png 300w, https:\/\/agri-methazebrouck.com\/wp-content\/uploads\/2023\/12\/entree-camion-et-tracteurs-1024x574.png 1024w, https:\/\/agri-methazebrouck.com\/wp-content\/uploads\/2023\/12\/entree-camion-et-tracteurs.png 1182w\" sizes=\"(max-width: 768px) 100vw, 768px\" \/>\t\t\t\t<\/a>\n\t\t\t\t\t\t\t<a href=\"#\" data-mfp-src=\"https:\/\/agri-methazebrouck.com\/wp-content\/uploads\/2023\/12\/benne-compost1-1024x497.jpg\" class=\"ha-justified-grid__item ha-js-lightbox __fltr-1\" title=\"\">\n\t\t\t\t\t<img decoding=\"async\" width=\"768\" height=\"373\" src=\"https:\/\/agri-methazebrouck.com\/wp-content\/uploads\/2023\/12\/benne-compost1-768x373.jpg\" class=\"elementor-animation-grow\" alt=\"\" srcset=\"https:\/\/agri-methazebrouck.com\/wp-content\/uploads\/2023\/12\/benne-compost1-768x373.jpg 768w, https:\/\/agri-methazebrouck.com\/wp-content\/uploads\/2023\/12\/benne-compost1-300x146.jpg 300w, https:\/\/agri-methazebrouck.com\/wp-content\/uploads\/2023\/12\/benne-compost1-1024x497.jpg 1024w, https:\/\/agri-methazebrouck.com\/wp-content\/uploads\/2023\/12\/benne-compost1-1536x746.jpg 1536w, https:\/\/agri-methazebrouck.com\/wp-content\/uploads\/2023\/12\/benne-compost1-2048x995.jpg 2048w\" sizes=\"(max-width: 768px) 100vw, 768px\" \/>\t\t\t\t<\/a>\n\t\t\t\t\t\t\t<a href=\"#\" data-mfp-src=\"https:\/\/agri-methazebrouck.com\/wp-content\/uploads\/2023\/12\/chargement-compost-dans-hangar-fumee-1024x569.png\" class=\"ha-justified-grid__item ha-js-lightbox __fltr-1\" title=\"\">\n\t\t\t\t\t<img loading=\"lazy\" decoding=\"async\" width=\"768\" height=\"427\" src=\"https:\/\/agri-methazebrouck.com\/wp-content\/uploads\/2023\/12\/chargement-compost-dans-hangar-fumee-768x427.png\" class=\"elementor-animation-grow\" alt=\"\" srcset=\"https:\/\/agri-methazebrouck.com\/wp-content\/uploads\/2023\/12\/chargement-compost-dans-hangar-fumee-768x427.png 768w, https:\/\/agri-methazebrouck.com\/wp-content\/uploads\/2023\/12\/chargement-compost-dans-hangar-fumee-300x167.png 300w, https:\/\/agri-methazebrouck.com\/wp-content\/uploads\/2023\/12\/chargement-compost-dans-hangar-fumee-1024x569.png 1024w, https:\/\/agri-methazebrouck.com\/wp-content\/uploads\/2023\/12\/chargement-compost-dans-hangar-fumee.png 1182w\" sizes=\"(max-width: 768px) 100vw, 768px\" \/>\t\t\t\t<\/a>\n\t\t\t\t\t\t\t<a href=\"#\" data-mfp-src=\"https:\/\/agri-methazebrouck.com\/wp-content\/uploads\/2021\/07\/Agrimethazebrouck-1024x724.jpg\" class=\"ha-justified-grid__item ha-js-lightbox __fltr-1\" title=\"\">\n\t\t\t\t\t<img loading=\"lazy\" decoding=\"async\" width=\"768\" height=\"543\" src=\"https:\/\/agri-methazebrouck.com\/wp-content\/uploads\/2021\/07\/Agrimethazebrouck-768x543.jpg\" class=\"elementor-animation-grow\" alt=\"logo agri methazebrouck\" srcset=\"https:\/\/agri-methazebrouck.com\/wp-content\/uploads\/2021\/07\/Agrimethazebrouck-768x543.jpg 768w, https:\/\/agri-methazebrouck.com\/wp-content\/uploads\/2021\/07\/Agrimethazebrouck-300x212.jpg 300w, https:\/\/agri-methazebrouck.com\/wp-content\/uploads\/2021\/07\/Agrimethazebrouck-1024x724.jpg 1024w, https:\/\/agri-methazebrouck.com\/wp-content\/uploads\/2021\/07\/Agrimethazebrouck.jpg 1191w\" sizes=\"(max-width: 768px) 100vw, 768px\" \/>\t\t\t\t<\/a>\n\t\t\t\t\t\t\t<a href=\"#\" data-mfp-src=\"https:\/\/agri-methazebrouck.com\/wp-content\/uploads\/2023\/12\/epandage-compost1-1024x572.png\" class=\"ha-justified-grid__item ha-js-lightbox __fltr-1\" title=\"\">\n\t\t\t\t\t<img loading=\"lazy\" decoding=\"async\" width=\"768\" height=\"429\" src=\"https:\/\/agri-methazebrouck.com\/wp-content\/uploads\/2023\/12\/epandage-compost1-768x429.png\" class=\"elementor-animation-grow\" alt=\"\" srcset=\"https:\/\/agri-methazebrouck.com\/wp-content\/uploads\/2023\/12\/epandage-compost1-768x429.png 768w, https:\/\/agri-methazebrouck.com\/wp-content\/uploads\/2023\/12\/epandage-compost1-300x168.png 300w, https:\/\/agri-methazebrouck.com\/wp-content\/uploads\/2023\/12\/epandage-compost1-1024x572.png 1024w, https:\/\/agri-methazebrouck.com\/wp-content\/uploads\/2023\/12\/epandage-compost1.png 1185w\" sizes=\"(max-width: 768px) 100vw, 768px\" \/>\t\t\t\t<\/a>\n\t\t\t\t\t\t\t<a href=\"#\" data-mfp-src=\"https:\/\/agri-methazebrouck.com\/wp-content\/uploads\/2023\/12\/criblage1-1024x574.png\" class=\"ha-justified-grid__item ha-js-lightbox __fltr-1\" title=\"\">\n\t\t\t\t\t<img loading=\"lazy\" decoding=\"async\" width=\"768\" height=\"431\" src=\"https:\/\/agri-methazebrouck.com\/wp-content\/uploads\/2023\/12\/criblage1-768x431.png\" class=\"elementor-animation-grow\" alt=\"\" srcset=\"https:\/\/agri-methazebrouck.com\/wp-content\/uploads\/2023\/12\/criblage1-768x431.png 768w, https:\/\/agri-methazebrouck.com\/wp-content\/uploads\/2023\/12\/criblage1-300x168.png 300w, https:\/\/agri-methazebrouck.com\/wp-content\/uploads\/2023\/12\/criblage1-1024x574.png 1024w, https:\/\/agri-methazebrouck.com\/wp-content\/uploads\/2023\/12\/criblage1.png 1134w\" sizes=\"(max-width: 768px) 100vw, 768px\" \/>\t\t\t\t<\/a>\n\t\t\t\t\t\t\t<a href=\"#\" data-mfp-src=\"https:\/\/agri-methazebrouck.com\/wp-content\/uploads\/2023\/12\/tas-compost-1024x768.jpg\" class=\"ha-justified-grid__item ha-js-lightbox __fltr-1\" title=\"\">\n\t\t\t\t\t<img loading=\"lazy\" decoding=\"async\" width=\"768\" height=\"576\" src=\"https:\/\/agri-methazebrouck.com\/wp-content\/uploads\/2023\/12\/tas-compost-768x576.jpg\" class=\"elementor-animation-grow\" alt=\"\" srcset=\"https:\/\/agri-methazebrouck.com\/wp-content\/uploads\/2023\/12\/tas-compost-768x576.jpg 768w, https:\/\/agri-methazebrouck.com\/wp-content\/uploads\/2023\/12\/tas-compost-300x225.jpg 300w, https:\/\/agri-methazebrouck.com\/wp-content\/uploads\/2023\/12\/tas-compost-1024x768.jpg 1024w, https:\/\/agri-methazebrouck.com\/wp-content\/uploads\/2023\/12\/tas-compost-1536x1152.jpg 1536w, https:\/\/agri-methazebrouck.com\/wp-content\/uploads\/2023\/12\/tas-compost.jpg 1600w\" sizes=\"(max-width: 768px) 100vw, 768px\" \/>\t\t\t\t<\/a>\n\t\t\t\t\t\t\t<a href=\"#\" data-mfp-src=\"https:\/\/agri-methazebrouck.com\/wp-content\/uploads\/2023\/12\/compost.jpg\" class=\"ha-justified-grid__item ha-js-lightbox __fltr-1\" title=\"\">\n\t\t\t\t\t<img loading=\"lazy\" decoding=\"async\" width=\"768\" height=\"512\" src=\"https:\/\/agri-methazebrouck.com\/wp-content\/uploads\/2023\/12\/compost-768x512.jpg\" class=\"elementor-animation-grow\" alt=\"\" srcset=\"https:\/\/agri-methazebrouck.com\/wp-content\/uploads\/2023\/12\/compost-768x512.jpg 768w, https:\/\/agri-methazebrouck.com\/wp-content\/uploads\/2023\/12\/compost-300x200.jpg 300w, https:\/\/agri-methazebrouck.com\/wp-content\/uploads\/2023\/12\/compost.jpg 864w\" sizes=\"(max-width: 768px) 100vw, 768px\" \/>\t\t\t\t<\/a>\n\t\t\t\t\t\t\t<a href=\"#\" data-mfp-src=\"https:\/\/agri-methazebrouck.com\/wp-content\/uploads\/2023\/12\/epandage-vue-sol-1024x562.png\" class=\"ha-justified-grid__item ha-js-lightbox __fltr-1\" title=\"\">\n\t\t\t\t\t<img loading=\"lazy\" decoding=\"async\" width=\"768\" height=\"421\" src=\"https:\/\/agri-methazebrouck.com\/wp-content\/uploads\/2023\/12\/epandage-vue-sol-768x421.png\" class=\"elementor-animation-grow\" alt=\"\" srcset=\"https:\/\/agri-methazebrouck.com\/wp-content\/uploads\/2023\/12\/epandage-vue-sol-768x421.png 768w, https:\/\/agri-methazebrouck.com\/wp-content\/uploads\/2023\/12\/epandage-vue-sol-300x165.png 300w, https:\/\/agri-methazebrouck.com\/wp-content\/uploads\/2023\/12\/epandage-vue-sol-1024x562.png 1024w, https:\/\/agri-methazebrouck.com\/wp-content\/uploads\/2023\/12\/epandage-vue-sol.png 1176w\" sizes=\"(max-width: 768px) 100vw, 768px\" \/>\t\t\t\t<\/a>\n\t\t\t\t\t<\/div>\n\n\t\t\t\t\t\t<\/div>\n\t\t\t\t<\/div>\n\t\t\t\t\t<\/div>\n\t\t<\/div>\n\t\t\t\t\t<\/div>\n\t\t<\/section>\n\t\t\t\t<section class=\"elementor-section elementor-top-section elementor-element elementor-element-88ea4ee elementor-section-boxed elementor-section-height-default elementor-section-height-default\" data-id=\"88ea4ee\" data-element_type=\"section\" data-e-type=\"section\" data-settings=\"{&quot;background_background&quot;:&quot;classic&quot;,&quot;_ha_eqh_enable&quot;:false}\">\n\t\t\t\t\t\t\t<div class=\"elementor-background-overlay\"><\/div>\n\t\t\t\t\t\t\t<div class=\"elementor-container elementor-column-gap-default\">\n\t\t\t\t\t<div class=\"elementor-column elementor-col-100 elementor-top-column elementor-element elementor-element-9298ed8\" data-id=\"9298ed8\" data-element_type=\"column\" data-e-type=\"column\">\n\t\t\t<div class=\"elementor-widget-wrap elementor-element-populated\">\n\t\t\t\t\t\t<div class=\"elementor-element elementor-element-6c0884a elementor-widget elementor-widget-heading\" data-id=\"6c0884a\" data-element_type=\"widget\" data-e-type=\"widget\" data-widget_type=\"heading.default\">\n\t\t\t\t<div class=\"elementor-widget-container\">\n\t\t\t\t\t<h2 class=\"elementor-heading-title elementor-size-default\">Le Compost<\/h2>\t\t\t\t<\/div>\n\t\t\t\t<\/div>\n\t\t\t\t<section class=\"elementor-section elementor-inner-section elementor-element elementor-element-975dd82 elementor-section-boxed elementor-section-height-default elementor-section-height-default\" data-id=\"975dd82\" data-element_type=\"section\" data-e-type=\"section\" data-settings=\"{&quot;_ha_eqh_enable&quot;:false}\">\n\t\t\t\t\t\t<div class=\"elementor-container elementor-column-gap-default\">\n\t\t\t\t\t<div class=\"elementor-column elementor-col-100 elementor-inner-column elementor-element elementor-element-9605121\" data-id=\"9605121\" data-element_type=\"column\" data-e-type=\"column\">\n\t\t\t<div class=\"elementor-widget-wrap elementor-element-populated\">\n\t\t\t\t\t\t<div class=\"elementor-element elementor-element-b9f512f elementor-widget elementor-widget-video\" data-id=\"b9f512f\" data-element_type=\"widget\" data-e-type=\"widget\" data-settings=\"{&quot;youtube_url&quot;:&quot;https:\\\/\\\/www.youtube.com\\\/watch?v=3k47fcJg8HU&amp;t=7s&quot;,&quot;video_type&quot;:&quot;youtube&quot;,&quot;controls&quot;:&quot;yes&quot;}\" data-widget_type=\"video.default\">\n\t\t\t\t<div class=\"elementor-widget-container\">\n\t\t\t\t\t\t\t<div class=\"elementor-wrapper elementor-open-inline\">\n\t\t\t<div class=\"elementor-video\"><\/div>\t\t<\/div>\n\t\t\t\t\t\t<\/div>\n\t\t\t\t<\/div>\n\t\t\t\t\t<\/div>\n\t\t<\/div>\n\t\t\t\t\t<\/div>\n\t\t<\/section>\n\t\t\t\t\t<\/div>\n\t\t<\/div>\n\t\t\t\t\t<\/div>\n\t\t<\/section>\n\t\t\t\t<section class=\"elementor-section elementor-top-section elementor-element elementor-element-e145ff6 elementor-section-boxed elementor-section-height-default elementor-section-height-default\" data-id=\"e145ff6\" data-element_type=\"section\" data-e-type=\"section\" data-settings=\"{&quot;_ha_eqh_enable&quot;:false}\">\n\t\t\t\t\t\t<div class=\"elementor-container elementor-column-gap-default\">\n\t\t\t\t\t<div class=\"elementor-column elementor-col-100 elementor-top-column elementor-element elementor-element-d562f6c\" data-id=\"d562f6c\" data-element_type=\"column\" data-e-type=\"column\">\n\t\t\t<div class=\"elementor-widget-wrap elementor-element-populated\">\n\t\t\t\t\t\t<section class=\"elementor-section elementor-inner-section elementor-element elementor-element-dcced8f elementor-section-full_width elementor-section-content-middle elementor-section-height-default elementor-section-height-default\" data-id=\"dcced8f\" data-element_type=\"section\" data-e-type=\"section\" data-settings=\"{&quot;_ha_eqh_enable&quot;:false}\">\n\t\t\t\t\t\t<div class=\"elementor-container elementor-column-gap-default\">\n\t\t\t\t\t<div class=\"elementor-column elementor-col-50 elementor-inner-column elementor-element elementor-element-ac2175a\" data-id=\"ac2175a\" data-element_type=\"column\" data-e-type=\"column\">\n\t\t\t<div class=\"elementor-widget-wrap elementor-element-populated\">\n\t\t\t\t\t\t<div class=\"elementor-element elementor-element-1599f74 elementor-widget elementor-widget-image\" data-id=\"1599f74\" data-element_type=\"widget\" data-e-type=\"widget\" data-widget_type=\"image.default\">\n\t\t\t\t<div class=\"elementor-widget-container\">\n\t\t\t\t\t\t\t\t\t\t\t\t\t\t\t<img loading=\"lazy\" decoding=\"async\" width=\"800\" height=\"533\" src=\"https:\/\/agri-methazebrouck.com\/wp-content\/uploads\/2023\/12\/compost.jpg\" class=\"attachment-large size-large wp-image-356\" alt=\"\" srcset=\"https:\/\/agri-methazebrouck.com\/wp-content\/uploads\/2023\/12\/compost.jpg 864w, https:\/\/agri-methazebrouck.com\/wp-content\/uploads\/2023\/12\/compost-300x200.jpg 300w, https:\/\/agri-methazebrouck.com\/wp-content\/uploads\/2023\/12\/compost-768x512.jpg 768w\" sizes=\"(max-width: 800px) 100vw, 800px\" \/>\t\t\t\t\t\t\t\t\t\t\t\t\t\t\t<\/div>\n\t\t\t\t<\/div>\n\t\t\t\t\t<\/div>\n\t\t<\/div>\n\t\t\t\t<div class=\"elementor-column elementor-col-50 elementor-inner-column elementor-element elementor-element-4c42261\" data-id=\"4c42261\" data-element_type=\"column\" data-e-type=\"column\">\n\t\t\t<div class=\"elementor-widget-wrap elementor-element-populated\">\n\t\t\t\t\t\t<div class=\"elementor-element elementor-element-bcc29ff elementor-widget__width-initial elementor-widget elementor-widget-image\" data-id=\"bcc29ff\" data-element_type=\"widget\" data-e-type=\"widget\" data-widget_type=\"image.default\">\n\t\t\t\t<div class=\"elementor-widget-container\">\n\t\t\t\t\t\t\t\t\t\t\t\t\t\t\t<img loading=\"lazy\" decoding=\"async\" width=\"800\" height=\"389\" src=\"https:\/\/agri-methazebrouck.com\/wp-content\/uploads\/2024\/01\/epandeur-comost-1024x498.jpg\" class=\"attachment-large size-large wp-image-705\" alt=\"\" srcset=\"https:\/\/agri-methazebrouck.com\/wp-content\/uploads\/2024\/01\/epandeur-comost-1024x498.jpg 1024w, https:\/\/agri-methazebrouck.com\/wp-content\/uploads\/2024\/01\/epandeur-comost-300x146.jpg 300w, https:\/\/agri-methazebrouck.com\/wp-content\/uploads\/2024\/01\/epandeur-comost-768x373.jpg 768w, https:\/\/agri-methazebrouck.com\/wp-content\/uploads\/2024\/01\/epandeur-comost-1536x747.jpg 1536w, https:\/\/agri-methazebrouck.com\/wp-content\/uploads\/2024\/01\/epandeur-comost-2048x996.jpg 2048w\" sizes=\"(max-width: 800px) 100vw, 800px\" \/>\t\t\t\t\t\t\t\t\t\t\t\t\t\t\t<\/div>\n\t\t\t\t<\/div>\n\t\t\t\t\t<\/div>\n\t\t<\/div>\n\t\t\t\t\t<\/div>\n\t\t<\/section>\n\t\t\t\t\t<\/div>\n\t\t<\/div>\n\t\t\t\t\t<\/div>\n\t\t<\/section>\n\t\t\t\t<section class=\"elementor-section elementor-top-section elementor-element elementor-element-a498785 elementor-section-boxed elementor-section-height-default elementor-section-height-default\" data-id=\"a498785\" data-element_type=\"section\" data-e-type=\"section\" data-settings=\"{&quot;_ha_eqh_enable&quot;:false}\">\n\t\t\t\t\t\t<div class=\"elementor-container elementor-column-gap-default\">\n\t\t\t\t\t<div class=\"elementor-column elementor-col-100 elementor-top-column elementor-element elementor-element-31ec072\" data-id=\"31ec072\" data-element_type=\"column\" data-e-type=\"column\">\n\t\t\t<div class=\"elementor-widget-wrap\">\n\t\t\t\t\t\t\t<\/div>\n\t\t<\/div>\n\t\t\t\t\t<\/div>\n\t\t<\/section>\n\t\t\t\t<\/div>\n\t\t","protected":false},"excerpt":{"rendered":"<p>Un m\u00e9lange original pour un compost \u00ab\u00a0d\u00e9tonant\u00a0\u00bb Notre compost est le r\u00e9sultat d\u2019un m\u00e9lange de d\u00e9chets verts et d\u2019un digestat (m\u00e9lange de fumier de bovins et de cheval avec des r\u00e9sidus de culture) issus de la m\u00e9thanisation. Ce m\u00e9lange est \u00e9labor\u00e9 m\u00e9caniquement par une chargeuse qui r\u00e9alise un andain de 3m de haut sur 5m [&hellip;]<\/p>\n","protected":false},"author":1,"featured_media":0,"parent":0,"menu_order":0,"comment_status":"closed","ping_status":"closed","template":"","meta":{"footnotes":""},"class_list":["post-392","page","type-page","status-publish","hentry"],"_links":{"self":[{"href":"https:\/\/agri-methazebrouck.com\/index.php\/wp-json\/wp\/v2\/pages\/392","targetHints":{"allow":["GET"]}}],"collection":[{"href":"https:\/\/agri-methazebrouck.com\/index.php\/wp-json\/wp\/v2\/pages"}],"about":[{"href":"https:\/\/agri-methazebrouck.com\/index.php\/wp-json\/wp\/v2\/types\/page"}],"author":[{"embeddable":true,"href":"https:\/\/agri-methazebrouck.com\/index.php\/wp-json\/wp\/v2\/users\/1"}],"replies":[{"embeddable":true,"href":"https:\/\/agri-methazebrouck.com\/index.php\/wp-json\/wp\/v2\/comments?post=392"}],"version-history":[{"count":5,"href":"https:\/\/agri-methazebrouck.com\/index.php\/wp-json\/wp\/v2\/pages\/392\/revisions"}],"predecessor-version":[{"id":742,"href":"https:\/\/agri-methazebrouck.com\/index.php\/wp-json\/wp\/v2\/pages\/392\/revisions\/742"}],"wp:attachment":[{"href":"https:\/\/agri-methazebrouck.com\/index.php\/wp-json\/wp\/v2\/media?parent=392"}],"curies":[{"name":"wp","href":"https:\/\/api.w.org\/{rel}","templated":true}]}}