{"id":404,"date":"2023-12-21T12:04:28","date_gmt":"2023-12-21T11:04:28","guid":{"rendered":"https:\/\/agri-methazebrouck.ceci-n-est-pas-un-site.fr\/?page_id=404"},"modified":"2024-01-09T16:19:03","modified_gmt":"2024-01-09T15:19:03","slug":"dechets-verts","status":"publish","type":"page","link":"https:\/\/agri-methazebrouck.com\/index.php\/dechets-verts\/","title":{"rendered":"D\u00e9chets verts"},"content":{"rendered":"\t\t<div data-elementor-type=\"wp-page\" data-elementor-id=\"404\" class=\"elementor elementor-404\" data-elementor-settings=\"{&quot;ha_cmc_init_switcher&quot;:&quot;no&quot;}\">\n\t\t\t\t\t\t<section class=\"elementor-section elementor-top-section elementor-element elementor-element-58d904a elementor-section-boxed elementor-section-height-default elementor-section-height-default\" data-id=\"58d904a\" data-element_type=\"section\" data-e-type=\"section\" data-settings=\"{&quot;background_background&quot;:&quot;classic&quot;,&quot;_ha_eqh_enable&quot;:false}\">\n\t\t\t\t\t\t\t<div class=\"elementor-background-overlay\"><\/div>\n\t\t\t\t\t\t\t<div class=\"elementor-container elementor-column-gap-default\">\n\t\t\t\t\t<div class=\"elementor-column elementor-col-100 elementor-top-column elementor-element elementor-element-d88a843\" data-id=\"d88a843\" data-element_type=\"column\" data-e-type=\"column\">\n\t\t\t<div class=\"elementor-widget-wrap elementor-element-populated\">\n\t\t\t\t\t\t<div class=\"elementor-element elementor-element-6dd531d elementor-widget elementor-widget-heading\" data-id=\"6dd531d\" data-element_type=\"widget\" data-e-type=\"widget\" data-widget_type=\"heading.default\">\n\t\t\t\t<div class=\"elementor-widget-container\">\n\t\t\t\t\t<h2 class=\"elementor-heading-title elementor-size-xxl\">Le D\u00e9chet Vert&nbsp;: un produit \u00abVertueux\u00bb<\/h2>\t\t\t\t<\/div>\n\t\t\t\t<\/div>\n\t\t\t\t<div class=\"elementor-element elementor-element-00a4396 elementor-widget__width-initial elementor-widget elementor-widget-text-editor\" data-id=\"00a4396\" data-element_type=\"widget\" data-e-type=\"widget\" data-widget_type=\"text-editor.default\">\n\t\t\t\t<div class=\"elementor-widget-container\">\n\t\t\t\t\t\t\t\t\t<p>Agri Methazebrouck c\u2019est aussi la valorisation de vos d\u00e9chets verts.<\/p><p>On regroupe sous l\u2019appellation \u00ab d\u00e9chets verts \u00bb tous r\u00e9sidus v\u00e9g\u00e9taux issus de l\u2019entretien des espaces verts :<br \/>\u00a0\u00a0\u00a0\u00a0 * Tontes<br \/>\u00a0\u00a0\u00a0\u00a0 * Feuilles <br \/>\u00a0\u00a0\u00a0\u00a0 * D\u00e9chets ligneux<br \/>\u00a0\u00a0\u00a0\u00a0 * Elagages et abattages<br \/>\u00a0\u00a0\u00a0\u00a0 * Souches<\/p><p>Les clients d\u2019Agri Methazebrouck sont :<br \/>\u00a0\u00a0\u00a0\u00a0 * Communaut\u00e9s de communes, communes, SMICTOM, etc \u2026<br \/>\u00a0\u00a0\u00a0\u00a0 * Associations d\u2019espaces verts<br \/>\u00a0\u00a0\u00a0\u00a0 * Paysagistes et Horticulteurs<br \/>\u00a0\u00a0\u00a0\u00a0 * Agriculteurs<\/p><p>Tous les apports sont contr\u00f4l\u00e9s rigoureusement par nos soins, tri\u00e9s manuellement afin d\u2019y retirer les ind\u00e9sirables (plastiques, fer, pots de fleurs, pierres \u2026) et r\u00e9duits par broyage m\u00e9canique.<\/p><p>Ensuite 2 m\u00e9thodes de valorisation sont possibles:<\/p><p>La premi\u00e8re qui regroupe les tontes, les feuilles, permet une valorisation \u00e9nerg\u00e9tique par production de biogaz consomm\u00e9 par cog\u00e9n\u00e9ration (production de chaleur via le r\u00e9seau urbain et \u00e9lectrique via EDF)<\/p><p>La seconde qui regroupe le bois, les souches et les grosses branches d\u00e9bouche sur une valorisation organique c\u2019est-\u00e0-dire par du compostage.<\/p><p>Le site Agri Methazebrouck permet un d\u00e9p\u00f4t des d\u00e9chets verts sans contrainte d\u2019horaire, de fa\u00e7on autonome et en toute transparence.<\/p><p>Pour une valorisation originale qui comblera les attentes de vos clients pensez: <strong>Agri Methazebrouck<\/strong><\/p>\t\t\t\t\t\t\t\t<\/div>\n\t\t\t\t<\/div>\n\t\t\t\t\t<\/div>\n\t\t<\/div>\n\t\t\t\t\t<\/div>\n\t\t<\/section>\n\t\t\t\t<section class=\"elementor-section elementor-top-section elementor-element elementor-element-abb345d elementor-section-boxed elementor-section-height-default elementor-section-height-default\" data-id=\"abb345d\" data-element_type=\"section\" data-e-type=\"section\" data-settings=\"{&quot;_ha_eqh_enable&quot;:false}\">\n\t\t\t\t\t\t<div class=\"elementor-container elementor-column-gap-default\">\n\t\t\t\t\t<div class=\"elementor-column elementor-col-100 elementor-top-column elementor-element elementor-element-e3d5c3d\" data-id=\"e3d5c3d\" data-element_type=\"column\" data-e-type=\"column\">\n\t\t\t<div class=\"elementor-widget-wrap elementor-element-populated\">\n\t\t\t\t\t\t<div class=\"elementor-element elementor-element-7b6d2c6 elementor-widget elementor-widget-heading\" data-id=\"7b6d2c6\" data-element_type=\"widget\" data-e-type=\"widget\" data-widget_type=\"heading.default\">\n\t\t\t\t<div class=\"elementor-widget-container\">\n\t\t\t\t\t<h2 class=\"elementor-heading-title elementor-size-default\">Les d\u00e9chets verts<\/h2>\t\t\t\t<\/div>\n\t\t\t\t<\/div>\n\t\t\t\t<section class=\"elementor-section elementor-inner-section elementor-element elementor-element-2d9ba96 elementor-section-boxed elementor-section-height-default elementor-section-height-default\" data-id=\"2d9ba96\" data-element_type=\"section\" data-e-type=\"section\" data-settings=\"{&quot;_ha_eqh_enable&quot;:false}\">\n\t\t\t\t\t\t<div class=\"elementor-container elementor-column-gap-default\">\n\t\t\t\t\t<div class=\"elementor-column elementor-col-100 elementor-inner-column elementor-element elementor-element-52a9007\" data-id=\"52a9007\" data-element_type=\"column\" data-e-type=\"column\">\n\t\t\t<div class=\"elementor-widget-wrap elementor-element-populated\">\n\t\t\t\t\t\t<div class=\"elementor-element elementor-element-d72aa5c elementor-widget elementor-widget-video\" data-id=\"d72aa5c\" data-element_type=\"widget\" data-e-type=\"widget\" data-settings=\"{&quot;youtube_url&quot;:&quot;https:\\\/\\\/www.youtube.com\\\/watch?v=SxTsngFfoiM&quot;,&quot;video_type&quot;:&quot;youtube&quot;,&quot;controls&quot;:&quot;yes&quot;}\" data-widget_type=\"video.default\">\n\t\t\t\t<div class=\"elementor-widget-container\">\n\t\t\t\t\t\t\t<div class=\"elementor-wrapper elementor-open-inline\">\n\t\t\t<div class=\"elementor-video\"><\/div>\t\t<\/div>\n\t\t\t\t\t\t<\/div>\n\t\t\t\t<\/div>\n\t\t\t\t\t<\/div>\n\t\t<\/div>\n\t\t\t\t\t<\/div>\n\t\t<\/section>\n\t\t\t\t<section class=\"elementor-section elementor-inner-section elementor-element elementor-element-87cbe9b elementor-section-boxed elementor-section-height-default elementor-section-height-default\" data-id=\"87cbe9b\" data-element_type=\"section\" data-e-type=\"section\" data-settings=\"{&quot;_ha_eqh_enable&quot;:false}\">\n\t\t\t\t\t\t<div class=\"elementor-container elementor-column-gap-default\">\n\t\t\t\t\t<div class=\"elementor-column elementor-col-100 elementor-inner-column elementor-element elementor-element-a58e5f8\" data-id=\"a58e5f8\" data-element_type=\"column\" data-e-type=\"column\">\n\t\t\t<div class=\"elementor-widget-wrap elementor-element-populated\">\n\t\t\t\t\t\t<div class=\"elementor-element elementor-element-46c2978 elementor-widget elementor-widget-ha-justified-gallery happy-addon ha-justified-gallery\" data-id=\"46c2978\" data-element_type=\"widget\" data-e-type=\"widget\" data-settings=\"{&quot;row_height&quot;:{&quot;unit&quot;:&quot;px&quot;,&quot;size&quot;:180,&quot;sizes&quot;:[]},&quot;margins&quot;:{&quot;unit&quot;:&quot;px&quot;,&quot;size&quot;:10,&quot;sizes&quot;:[]},&quot;last_row&quot;:&quot;justify&quot;,&quot;enable_popup&quot;:&quot;yes&quot;}\" data-widget_type=\"ha-justified-gallery.default\">\n\t\t\t\t<div class=\"elementor-widget-container\">\n\t\t\t\t\t\n\t\t<div class=\"ha-justified-grid__wrap hajs-justified-grid\">\n\t\t\t\t\t\t\t<a href=\"#\" data-mfp-src=\"https:\/\/agri-methazebrouck.com\/wp-content\/uploads\/2023\/12\/triage-dv-1-1024x574.png\" class=\"ha-justified-grid__item ha-js-lightbox __fltr-1\" title=\"\">\n\t\t\t\t\t<img fetchpriority=\"high\" decoding=\"async\" width=\"768\" height=\"430\" src=\"https:\/\/agri-methazebrouck.com\/wp-content\/uploads\/2023\/12\/triage-dv-1-768x430.png\" class=\"elementor-animation-grow\" alt=\"\" srcset=\"https:\/\/agri-methazebrouck.com\/wp-content\/uploads\/2023\/12\/triage-dv-1-768x430.png 768w, https:\/\/agri-methazebrouck.com\/wp-content\/uploads\/2023\/12\/triage-dv-1-300x168.png 300w, https:\/\/agri-methazebrouck.com\/wp-content\/uploads\/2023\/12\/triage-dv-1-1024x574.png 1024w, https:\/\/agri-methazebrouck.com\/wp-content\/uploads\/2023\/12\/triage-dv-1.png 1181w\" sizes=\"(max-width: 768px) 100vw, 768px\" \/>\t\t\t\t<\/a>\n\t\t\t\t\t\t\t<a href=\"#\" data-mfp-src=\"https:\/\/agri-methazebrouck.com\/wp-content\/uploads\/2023\/12\/vidage-dv-benne-1024x579.png\" class=\"ha-justified-grid__item ha-js-lightbox __fltr-1\" title=\"\">\n\t\t\t\t\t<img decoding=\"async\" width=\"768\" height=\"434\" src=\"https:\/\/agri-methazebrouck.com\/wp-content\/uploads\/2023\/12\/vidage-dv-benne-768x434.png\" class=\"elementor-animation-grow\" alt=\"\" srcset=\"https:\/\/agri-methazebrouck.com\/wp-content\/uploads\/2023\/12\/vidage-dv-benne-768x434.png 768w, https:\/\/agri-methazebrouck.com\/wp-content\/uploads\/2023\/12\/vidage-dv-benne-300x170.png 300w, https:\/\/agri-methazebrouck.com\/wp-content\/uploads\/2023\/12\/vidage-dv-benne-1024x579.png 1024w, https:\/\/agri-methazebrouck.com\/wp-content\/uploads\/2023\/12\/vidage-dv-benne.png 1182w\" sizes=\"(max-width: 768px) 100vw, 768px\" \/>\t\t\t\t<\/a>\n\t\t\t\t\t\t\t<a href=\"#\" data-mfp-src=\"https:\/\/agri-methazebrouck.com\/wp-content\/uploads\/2023\/12\/vidage-dv-paprec-1024x573.png\" class=\"ha-justified-grid__item ha-js-lightbox __fltr-1\" title=\"\">\n\t\t\t\t\t<img decoding=\"async\" width=\"768\" height=\"430\" src=\"https:\/\/agri-methazebrouck.com\/wp-content\/uploads\/2023\/12\/vidage-dv-paprec-768x430.png\" class=\"elementor-animation-grow\" alt=\"\" srcset=\"https:\/\/agri-methazebrouck.com\/wp-content\/uploads\/2023\/12\/vidage-dv-paprec-768x430.png 768w, https:\/\/agri-methazebrouck.com\/wp-content\/uploads\/2023\/12\/vidage-dv-paprec-300x168.png 300w, https:\/\/agri-methazebrouck.com\/wp-content\/uploads\/2023\/12\/vidage-dv-paprec-1024x573.png 1024w, https:\/\/agri-methazebrouck.com\/wp-content\/uploads\/2023\/12\/vidage-dv-paprec.png 1186w\" sizes=\"(max-width: 768px) 100vw, 768px\" \/>\t\t\t\t<\/a>\n\t\t\t\t\t\t\t<a href=\"#\" data-mfp-src=\"https:\/\/agri-methazebrouck.com\/wp-content\/uploads\/2023\/12\/vidage-dv-baudelet-1024x570.png\" class=\"ha-justified-grid__item ha-js-lightbox __fltr-1\" title=\"\">\n\t\t\t\t\t<img loading=\"lazy\" decoding=\"async\" width=\"768\" height=\"428\" src=\"https:\/\/agri-methazebrouck.com\/wp-content\/uploads\/2023\/12\/vidage-dv-baudelet-768x428.png\" class=\"elementor-animation-grow\" alt=\"\" srcset=\"https:\/\/agri-methazebrouck.com\/wp-content\/uploads\/2023\/12\/vidage-dv-baudelet-768x428.png 768w, https:\/\/agri-methazebrouck.com\/wp-content\/uploads\/2023\/12\/vidage-dv-baudelet-300x167.png 300w, https:\/\/agri-methazebrouck.com\/wp-content\/uploads\/2023\/12\/vidage-dv-baudelet-1024x570.png 1024w, https:\/\/agri-methazebrouck.com\/wp-content\/uploads\/2023\/12\/vidage-dv-baudelet.png 1191w\" sizes=\"(max-width: 768px) 100vw, 768px\" \/>\t\t\t\t<\/a>\n\t\t\t\t\t\t\t<a href=\"#\" data-mfp-src=\"https:\/\/agri-methazebrouck.com\/wp-content\/uploads\/2023\/12\/broyage-dv2-1-1024x568.png\" class=\"ha-justified-grid__item ha-js-lightbox __fltr-2\" title=\"\">\n\t\t\t\t\t<img loading=\"lazy\" decoding=\"async\" width=\"768\" height=\"426\" src=\"https:\/\/agri-methazebrouck.com\/wp-content\/uploads\/2023\/12\/broyage-dv2-1-768x426.png\" class=\"elementor-animation-grow\" alt=\"\" srcset=\"https:\/\/agri-methazebrouck.com\/wp-content\/uploads\/2023\/12\/broyage-dv2-1-768x426.png 768w, https:\/\/agri-methazebrouck.com\/wp-content\/uploads\/2023\/12\/broyage-dv2-1-300x166.png 300w, https:\/\/agri-methazebrouck.com\/wp-content\/uploads\/2023\/12\/broyage-dv2-1-1024x568.png 1024w, https:\/\/agri-methazebrouck.com\/wp-content\/uploads\/2023\/12\/broyage-dv2-1.png 1180w\" sizes=\"(max-width: 768px) 100vw, 768px\" \/>\t\t\t\t<\/a>\n\t\t\t\t\t<\/div>\n\n\t\t\t\t\t\t<\/div>\n\t\t\t\t<\/div>\n\t\t\t\t<div class=\"elementor-element elementor-element-4a3d4f3 elementor-widget__width-initial elementor-widget elementor-widget-image\" data-id=\"4a3d4f3\" data-element_type=\"widget\" data-e-type=\"widget\" data-widget_type=\"image.default\">\n\t\t\t\t<div class=\"elementor-widget-container\">\n\t\t\t\t\t\t\t\t\t\t\t\t\t\t\t<img loading=\"lazy\" decoding=\"async\" width=\"800\" height=\"447\" src=\"https:\/\/agri-methazebrouck.com\/wp-content\/uploads\/2023\/12\/broyage-dv1-1024x572.png\" class=\"attachment-large size-large wp-image-516\" alt=\"\" srcset=\"https:\/\/agri-methazebrouck.com\/wp-content\/uploads\/2023\/12\/broyage-dv1-1024x572.png 1024w, https:\/\/agri-methazebrouck.com\/wp-content\/uploads\/2023\/12\/broyage-dv1-300x168.png 300w, https:\/\/agri-methazebrouck.com\/wp-content\/uploads\/2023\/12\/broyage-dv1-768x429.png 768w, https:\/\/agri-methazebrouck.com\/wp-content\/uploads\/2023\/12\/broyage-dv1.png 1183w\" sizes=\"(max-width: 800px) 100vw, 800px\" \/>\t\t\t\t\t\t\t\t\t\t\t\t\t\t\t<\/div>\n\t\t\t\t<\/div>\n\t\t\t\t\t<\/div>\n\t\t<\/div>\n\t\t\t\t\t<\/div>\n\t\t<\/section>\n\t\t\t\t\t<\/div>\n\t\t<\/div>\n\t\t\t\t\t<\/div>\n\t\t<\/section>\n\t\t\t\t<\/div>\n\t\t","protected":false},"excerpt":{"rendered":"<p>Le D\u00e9chet Vert&nbsp;: un produit \u00abVertueux\u00bb Agri Methazebrouck c\u2019est aussi la valorisation de vos d\u00e9chets verts. On regroupe sous l\u2019appellation \u00ab d\u00e9chets verts \u00bb tous r\u00e9sidus v\u00e9g\u00e9taux issus de l\u2019entretien des espaces verts :\u00a0\u00a0\u00a0\u00a0 * Tontes\u00a0\u00a0\u00a0\u00a0 * Feuilles \u00a0\u00a0\u00a0\u00a0 * D\u00e9chets ligneux\u00a0\u00a0\u00a0\u00a0 * Elagages et abattages\u00a0\u00a0\u00a0\u00a0 * Souches Les clients d\u2019Agri Methazebrouck sont :\u00a0\u00a0\u00a0\u00a0 * [&hellip;]<\/p>\n","protected":false},"author":1,"featured_media":0,"parent":0,"menu_order":0,"comment_status":"closed","ping_status":"closed","template":"","meta":{"footnotes":""},"class_list":["post-404","page","type-page","status-publish","hentry"],"_links":{"self":[{"href":"https:\/\/agri-methazebrouck.com\/index.php\/wp-json\/wp\/v2\/pages\/404","targetHints":{"allow":["GET"]}}],"collection":[{"href":"https:\/\/agri-methazebrouck.com\/index.php\/wp-json\/wp\/v2\/pages"}],"about":[{"href":"https:\/\/agri-methazebrouck.com\/index.php\/wp-json\/wp\/v2\/types\/page"}],"author":[{"embeddable":true,"href":"https:\/\/agri-methazebrouck.com\/index.php\/wp-json\/wp\/v2\/users\/1"}],"replies":[{"embeddable":true,"href":"https:\/\/agri-methazebrouck.com\/index.php\/wp-json\/wp\/v2\/comments?post=404"}],"version-history":[{"count":5,"href":"https:\/\/agri-methazebrouck.com\/index.php\/wp-json\/wp\/v2\/pages\/404\/revisions"}],"predecessor-version":[{"id":739,"href":"https:\/\/agri-methazebrouck.com\/index.php\/wp-json\/wp\/v2\/pages\/404\/revisions\/739"}],"wp:attachment":[{"href":"https:\/\/agri-methazebrouck.com\/index.php\/wp-json\/wp\/v2\/media?parent=404"}],"curies":[{"name":"wp","href":"https:\/\/api.w.org\/{rel}","templated":true}]}}